{"id":107,"date":"2016-08-26T11:45:48","date_gmt":"2016-08-26T10:45:48","guid":{"rendered":"http:\/\/neu.schule-sad.de\/?page_id=107"},"modified":"2026-01-28T12:56:23","modified_gmt":"2026-01-28T11:56:23","slug":"pruefungen","status":"publish","type":"page","link":"https:\/\/schule-sad.de\/?page_id=107","title":{"rendered":"Abschluss- und Projektpr\u00fcfungen"},"content":{"rendered":"\n<p class=\"has-text-align-center has-medium-font-size\"><strong><mark style=\"background-color:rgba(0, 0, 0, 0)\" class=\"has-inline-color has-luminous-vivid-orange-color\">Informationen f\u00fcr die Eltern der 9. Klassen<\/mark><\/strong><\/p>\n\n\n<a href=\"https:\/\/schule-sad.de\/wp-content\/uploads\/2026\/01\/Elterninformation-9.Klassen-26.pdf\" class=\"pdfemb-viewer\" style=\"height:900px;\" data-width=\"max\" data-height=\"900\" data-toolbar=\"top\" data-toolbar-fixed=\"on\">Elterninformation-9.Klassen-26<\/a>\n\n\n<p><\/p>\n\n\n\n<p class=\"has-text-align-center has-medium-font-size\"><strong><mark style=\"background-color:rgba(0, 0, 0, 0)\" class=\"has-inline-color has-luminous-vivid-orange-color\">Informationen f\u00fcr die Eltern der 10. Klassen<\/mark><\/strong><\/p>\n\n\n<a href=\"https:\/\/schule-sad.de\/wp-content\/uploads\/2026\/01\/Elterninformation-10.Klassen-26.pdf\" class=\"pdfemb-viewer\" style=\"height:900px;\" data-width=\"max\" data-height=\"900\" data-toolbar=\"top\" data-toolbar-fixed=\"on\">Elterninformation-10.Klassen-26<\/a>\n\n<h2>Terminplan der zentralen Abschlusspr\u00fcfungen Schuljahr 2025-2026<\/h2>\n<hr \/>\n<p><span style=\"color: #ff0000;\">Abgabetermin f\u00fcr Antr\u00e4ge auf Teilnahme an der Pr\u00fcfung zum ESA (Eltern 9. Klassen):<\/span><\/p>\n<hr \/>\n<ul>\n<li>ESA Englisch \/ MSA Deutsch: 29.4.2026<\/li>\n<li>ESA-Deutsch \/ MSA-Mathe: 5.5.2026<\/li>\n<li>ESA-Mathe \/ MSA-Englisch: 8.5.2026<\/li>\n<li>Englisch &#8211; sprachpraktische Pr\u00fcfung: 27.5. &#8211; 29.5.2026<\/li>\n<\/ul>\n<hr \/>\n<ul>\n<li>Nachschreibetermine: 19.5. &#8211; 22.5.2026<\/li>\n<li>Notenbekanntgabe: 5.6.2026<\/li>\n<li>M\u00fcndliche Pr\u00fcfung: 17.6.2026<\/li>\n<li><strong>Entlassfeier: 26.6.2026<\/strong><\/li>\n<\/ul>\n<hr \/>\n<h2 style=\"text-align: center;\"><span style=\"color: #993366;\"><strong>Projektpr\u00fcfung<\/strong><\/span><\/h2>\n<p>Die Projektpr\u00fcfung findet an unserer Schule f\u00fcr alle Sch\u00fcler in der 9. Jahrgangsstufe statt.<\/p>\n<p style=\"text-align: center;\"><span style=\"color: #ff6600;\"><strong><a style=\"color: #ff6600;\" href=\"https:\/\/schule-sad.de\/wp-content\/uploads\/2025\/09\/Tabuthemen2026.pdf\" target=\"_blank\" rel=\"noopener noreferrer\">!! Tabuthemen f\u00fcr die Projektpr\u00fcfungen !!<\/a><\/strong><\/span><\/p>\n<p style=\"text-align: center;\"><a href=\"https:\/\/schule-sad.de\/wp-content\/uploads\/2024\/11\/Projektarbeit-Neu.pdf\" target=\"_blank\" rel=\"noopener\"><span style=\"color: #0000ff;\"><strong>Projektpr\u00fcfungsregelungen NEU ab 2024<\/strong><\/span><\/a><\/p>\n<p><strong>Abgabe Projektpr\u00fcfungsthema:<\/strong> Nach den Herbstferien<\/p>\n<p><span style=\"color: #ff0000;\"><b>Formulare (neu ab 2024):<\/b><\/span><\/p>\n<ul>\n<li style=\"text-align: left;\"><a href=\"https:\/\/schule-sad.de\/wp-content\/uploads\/2024\/11\/Themenanmeldung.pdf\" target=\"_blank\" rel=\"noopener\">Themenanmeldung<\/a><\/li>\n<li style=\"text-align: left;\"><a href=\"https:\/\/schule-sad.de\/wp-content\/uploads\/2024\/11\/Protokollbogen-Einzelarbeit.pdf\" target=\"_blank\" rel=\"noopener\">Protokollbogen Einzelarbeit<\/a><\/li>\n<li style=\"text-align: left;\"><a href=\"https:\/\/schule-sad.de\/wp-content\/uploads\/2024\/11\/Protokollbogen-Gruppenarbeit.pdf\" target=\"_blank\" rel=\"noopener\">Protokollbogen Gruppenarbeit<\/a><\/li>\n<li style=\"text-align: left;\"><a href=\"https:\/\/schule-sad.de\/wp-content\/uploads\/2024\/11\/Protokollbogen-Beratungstreffen.pdf\" target=\"_blank\" rel=\"noopener\">Protokollbogen Beratungstreffen<\/a><\/li>\n<li><a href=\"https:\/\/schule-sad.de\/wp-content\/uploads\/2025\/09\/Bewertungsbogen-Projektpruefung-25.pdf\" target=\"_blank\" rel=\"noopener\">Bewertungsbogen<\/a><\/li>\n<\/ul>\n\n\n<figure class=\"wp-block-table is-style-stripes\"><table><tbody><tr><td class=\"has-text-align-left\" data-align=\"left\"><strong>Das Merkblatt<\/strong><\/td><td><\/td><td><\/td><\/tr><tr><td class=\"has-text-align-left\" data-align=\"left\">Das Merkblatt gibt wichtige Hinweise zur Wahl des Projektthemas, dem Arbeitsablauf und der Pr\u00e4sentationspr\u00fcfung.<\/td><td><\/td><td><\/td><\/tr><tr><td class=\"has-text-align-left\" data-align=\"left\"><a rel=\"noreferrer noopener\" href=\"https:\/\/schule-sad.de\/wp-content\/uploads\/2016\/09\/PRUFUNG-merkblatt-projektpruefung.pdf\" target=\"_blank\">==&gt; Merkblatt Projektpr\u00fcfung<\/a><\/td><td><\/td><td><\/td><\/tr><\/tbody><\/table><\/figure>\n\n\n\n<figure class=\"wp-block-table is-style-stripes\"><table><tbody><tr><td><strong>Checkliste zur Themenwahl<\/strong><\/td><td><strong>Erstellung der Projektmappe<\/strong><\/td><\/tr><tr><td>Die Wahl des richtigen Projektthemas ist von entscheidender Bedeutung f\u00fcr den Erfolg in der Projekt-Pr\u00fcfung!<br><br>Das folgende PDF-Dokument enth\u00e4lt eine &#8222;Check-Liste&#8220; zur Wahl des richtigen Projektthemas. Diese sollte gewissenhaft abgearbeitet werden, bevor man sich zur Abgabe eines Projektthemas entschlie\u00dft!<\/td><td>Im Rahmen der Projektpr\u00fcfung muss am Pr\u00fcfungstag von der Arbeitsgruppe eine Projektmappe vorgelegt werden, in der die theoretischen und praktischen Arbeitsvorg\u00e4nge dokumentiert werden. Das Merkblatt soll Hilfen f\u00fcr die Erstellung dieser Projektmappe geben.<\/td><\/tr><tr><td><a rel=\"noreferrer noopener\" href=\"https:\/\/schule-sad.de\/wp-content\/uploads\/2016\/09\/PRUFUNG-checkliste-zur-wahl-des-projektpruefungsthemas.pdf\" target=\"_blank\">==&gt; Checkliste zur Wahl des Thema<\/a><a href=\"https:\/\/schule-sad.de\/wp-content\/uploads\/2016\/09\/PRUFUNG-checkliste-zur-wahl-des-projektpruefungsthemas.pdf\" target=\"_blank\" rel=\"noreferrer noopener\">s<\/a><\/td><td><a rel=\"noreferrer noopener\" href=\"https:\/\/schule-sad.de\/wp-content\/uploads\/2016\/09\/PRUFUNG-merkblatt-erstellung-der-projektmappe.pdf\" target=\"_blank\">==&gt; Merkblatt f\u00fcr die Erstellung der Projektmapp<\/a><a href=\"https:\/\/schule-sad.de\/wp-content\/uploads\/2016\/09\/PRUFUNG-merkblatt-erstellung-der-projektmappe.pdf\" target=\"_blank\" rel=\"noreferrer noopener\">e<\/a><\/td><\/tr><\/tbody><\/table><\/figure>\n","protected":false},"excerpt":{"rendered":"<p>Informationen f\u00fcr die Eltern der 9. Klassen Informationen f\u00fcr die Eltern der 10. Klassen Terminplan der zentralen Abschlusspr\u00fcfungen Schuljahr 2025-2026 Abgabetermin f\u00fcr Antr\u00e4ge auf Teilnahme an der Pr\u00fcfung zum ESA (Eltern 9. Klassen): ESA Englisch \/ MSA Deutsch: 29.4.2026 ESA-Deutsch&#8230;<br \/><a class=\"read-more-button\" href=\"https:\/\/schule-sad.de\/?page_id=107\">Read more<\/a><\/p>\n","protected":false},"author":1,"featured_media":0,"parent":103,"menu_order":2,"comment_status":"closed","ping_status":"closed","template":"","meta":{"footnotes":""},"class_list":["post-107","page","type-page","status-publish","hentry"],"_links":{"self":[{"href":"https:\/\/schule-sad.de\/index.php?rest_route=\/wp\/v2\/pages\/107","targetHints":{"allow":["GET"]}}],"collection":[{"href":"https:\/\/schule-sad.de\/index.php?rest_route=\/wp\/v2\/pages"}],"about":[{"href":"https:\/\/schule-sad.de\/index.php?rest_route=\/wp\/v2\/types\/page"}],"author":[{"embeddable":true,"href":"https:\/\/schule-sad.de\/index.php?rest_route=\/wp\/v2\/users\/1"}],"replies":[{"embeddable":true,"href":"https:\/\/schule-sad.de\/index.php?rest_route=%2Fwp%2Fv2%2Fcomments&post=107"}],"version-history":[{"count":90,"href":"https:\/\/schule-sad.de\/index.php?rest_route=\/wp\/v2\/pages\/107\/revisions"}],"predecessor-version":[{"id":3142,"href":"https:\/\/schule-sad.de\/index.php?rest_route=\/wp\/v2\/pages\/107\/revisions\/3142"}],"up":[{"embeddable":true,"href":"https:\/\/schule-sad.de\/index.php?rest_route=\/wp\/v2\/pages\/103"}],"wp:attachment":[{"href":"https:\/\/schule-sad.de\/index.php?rest_route=%2Fwp%2Fv2%2Fmedia&parent=107"}],"curies":[{"name":"wp","href":"https:\/\/api.w.org\/{rel}","templated":true}]}}