{"id":112,"date":"2016-08-26T11:46:27","date_gmt":"2016-08-26T10:46:27","guid":{"rendered":"http:\/\/neu.schule-sad.de\/?page_id=112"},"modified":"2025-09-07T10:48:11","modified_gmt":"2025-09-07T09:48:11","slug":"formulare","status":"publish","type":"page","link":"https:\/\/schule-sad.de\/?page_id=112","title":{"rendered":"Anmeldung \/ Formulare"},"content":{"rendered":"\n<p class=\"has-luminous-vivid-orange-color has-text-color has-medium-font-size\"><strong>F\u00fcr weitere Informationen klicken Sie auf &#8222;<em>weiterlesen<\/em>&#8222;. Die Formulare finden Sie unten auf dieser Seite<\/strong>.<\/p>\n\n\n\n<figure class=\"wp-block-embed is-type-wp-embed is-provider-grund-und-gemeinschaftsschule-schacht-audorf wp-block-embed-grund-und-gemeinschaftsschule-schacht-audorf\"><div class=\"wp-block-embed__wrapper\">\n<blockquote class=\"wp-embedded-content\" data-secret=\"BWxxoXuj5S\"><a href=\"https:\/\/schule-sad.de\/?page_id=1562\">Interesse an unserer Schule?<\/a><\/blockquote><iframe loading=\"lazy\" class=\"wp-embedded-content\" sandbox=\"allow-scripts\" security=\"restricted\" style=\"position: absolute; visibility: hidden;\" title=\"&#8222;Interesse an unserer Schule?&#8220; &#8212; Grund- und Gemeinschaftsschule Schacht-Audorf\" src=\"https:\/\/schule-sad.de\/?page_id=1562&#038;embed=true#?secret=ubTQ0ePIX6#?secret=BWxxoXuj5S\" data-secret=\"BWxxoXuj5S\" width=\"600\" height=\"338\" frameborder=\"0\" marginwidth=\"0\" marginheight=\"0\" scrolling=\"no\"><\/iframe>\n<\/div><\/figure>\n\n\n\n<p class=\"has-text-align-center has-medium-font-size\"><strong><span class=\"has-inline-color has-vivid-red-color\">Formulare zum Download<\/span><\/strong><\/p>\n\n\n\n<div class=\"wp-block-file\"><a id=\"wp-block-file--media-cf2f748e-2d37-4118-93af-0ad944ddd937\" href=\"https:\/\/schule-sad.de\/wp-content\/uploads\/2024\/11\/Schueleraufnahmebogen-neu-2024.pdf\" target=\"_blank\" rel=\"noreferrer noopener\">Sch\u00fcleraufnahmebogen<\/a><a href=\"https:\/\/schule-sad.de\/wp-content\/uploads\/2024\/11\/Schueleraufnahmebogen-neu-2024.pdf\" class=\"wp-block-file__button wp-element-button\" download aria-describedby=\"wp-block-file--media-cf2f748e-2d37-4118-93af-0ad944ddd937\">Herunterladen<\/a><\/div>\n\n\n\n<div class=\"wp-block-file\"><a id=\"wp-block-file--media-7a97cc00-bdd2-460a-be71-5b56a0d3b8d7\" href=\"https:\/\/schule-sad.de\/wp-content\/uploads\/2024\/11\/Schueleraufnahmebogen-neu-Schulanfaenger-2024.pdf\" target=\"_blank\" rel=\"noreferrer noopener\">Sch\u00fcleraufnahmebogen f\u00fcr Schulanf\u00e4nger<\/a><a href=\"https:\/\/schule-sad.de\/wp-content\/uploads\/2024\/11\/Schueleraufnahmebogen-neu-Schulanfaenger-2024.pdf\" class=\"wp-block-file__button wp-element-button\" download aria-describedby=\"wp-block-file--media-7a97cc00-bdd2-460a-be71-5b56a0d3b8d7\">Herunterladen<\/a><\/div>\n\n\n\n<div class=\"wp-block-file\"><a id=\"wp-block-file--media-88f153ba-6c1b-423d-a068-28a7c7bb6fb5\" href=\"https:\/\/schule-sad.de\/wp-content\/uploads\/2022\/01\/Wunschzettel-Mitschueler.pdf\" target=\"_blank\" rel=\"noreferrer noopener\">Wunschzettel Mitsch\u00fcler<\/a><\/div>\n\n\n\n<div class=\"wp-block-file\"><a id=\"wp-block-file--media-a84f612c-74ff-4569-9fe6-edaf66b47298\" href=\"https:\/\/schule-sad.de\/wp-content\/uploads\/2023\/01\/IServ-Einwilligung-Vordruck-Nutzung-Schueler-2023.pdf\" target=\"_blank\" rel=\"noreferrer noopener\">IServ Einwilligung Vordruck Nutzung Sch\u00fcler<\/a><\/div>\n\n\n\n<p><\/p>\n\n\n\n<p><strong>Hinweise<\/strong><\/p>\n\n\n\n<div class=\"wp-block-file\"><a id=\"wp-block-file--media-9e7f3761-6311-4a22-ada1-879dfe34598f\" href=\"https:\/\/schule-sad.de\/wp-content\/uploads\/2023\/01\/Info-Masern-Eltern-GEMS-neu-2023.pdf\" target=\"_blank\" rel=\"noreferrer noopener\">Info Masern Eltern GEMS<\/a><\/div>\n\n\n\n<div class=\"wp-block-file\"><a id=\"wp-block-file--media-4b3e27b2-da3e-4e10-9f86-326665d1f712\" href=\"https:\/\/schule-sad.de\/wp-content\/uploads\/2021\/01\/Infos-zur-Datenverarbeitung-Masernschutzgesetz.pdf\" target=\"_blank\" rel=\"noreferrer noopener\">Infos zur Datenverarbeitung Masernschutzgesetz<\/a><\/div>\n\n\n\n<div class=\"wp-block-file\"><a id=\"wp-block-file--media-ff8193bb-43ca-4be9-99c5-11af220bcc0e\" href=\"https:\/\/schule-sad.de\/wp-content\/uploads\/2021\/01\/IServ-Elterninformationen.pdf\" target=\"_blank\" rel=\"noreferrer noopener\">IServ Elterninformationen<\/a><\/div>\n\n\n\n<p><\/p>\n\n\n\n<p><strong>Sonstiges Formulare<\/strong><\/p>\n\n\n\n<p><a href=\"https:\/\/schule-sad.de\/wp-content\/uploads\/2025\/09\/Beitrittserklaerung-zum-Foerderverein-der-Schule-Schacht-Audorf_20191221.pdf\" target=\"_blank\" rel=\"noreferrer noopener\">Beitrittserkl\u00e4rung F\u00f6rderverein<\/a><\/p>\n","protected":false},"excerpt":{"rendered":"<p>F\u00fcr weitere Informationen klicken Sie auf &#8222;weiterlesen&#8222;. Die Formulare finden Sie unten auf dieser Seite. Formulare zum Download Hinweise Sonstiges Formulare Beitrittserkl\u00e4rung F\u00f6rderverein<\/p>\n","protected":false},"author":2,"featured_media":0,"parent":103,"menu_order":4,"comment_status":"closed","ping_status":"closed","template":"","meta":{"footnotes":""},"class_list":["post-112","page","type-page","status-publish","hentry"],"_links":{"self":[{"href":"https:\/\/schule-sad.de\/index.php?rest_route=\/wp\/v2\/pages\/112","targetHints":{"allow":["GET"]}}],"collection":[{"href":"https:\/\/schule-sad.de\/index.php?rest_route=\/wp\/v2\/pages"}],"about":[{"href":"https:\/\/schule-sad.de\/index.php?rest_route=\/wp\/v2\/types\/page"}],"author":[{"embeddable":true,"href":"https:\/\/schule-sad.de\/index.php?rest_route=\/wp\/v2\/users\/2"}],"replies":[{"embeddable":true,"href":"https:\/\/schule-sad.de\/index.php?rest_route=%2Fwp%2Fv2%2Fcomments&post=112"}],"version-history":[{"count":45,"href":"https:\/\/schule-sad.de\/index.php?rest_route=\/wp\/v2\/pages\/112\/revisions"}],"predecessor-version":[{"id":3043,"href":"https:\/\/schule-sad.de\/index.php?rest_route=\/wp\/v2\/pages\/112\/revisions\/3043"}],"up":[{"embeddable":true,"href":"https:\/\/schule-sad.de\/index.php?rest_route=\/wp\/v2\/pages\/103"}],"wp:attachment":[{"href":"https:\/\/schule-sad.de\/index.php?rest_route=%2Fwp%2Fv2%2Fmedia&parent=112"}],"curies":[{"name":"wp","href":"https:\/\/api.w.org\/{rel}","templated":true}]}}