{"id":1876,"date":"2021-06-25T08:20:35","date_gmt":"2021-06-25T07:20:35","guid":{"rendered":"https:\/\/schule-sad.de\/?page_id=1876"},"modified":"2026-01-28T12:53:53","modified_gmt":"2026-01-28T11:53:53","slug":"ogs","status":"publish","type":"page","link":"https:\/\/schule-sad.de\/?page_id=1876","title":{"rendered":"OGS"},"content":{"rendered":"\n<figure class=\"wp-block-image size-large\"><img decoding=\"async\" src=\"https:\/\/schule-sad.org\/iserv\/public\/infodisplay\/infodisplay\/pdf\/39\/1\/1c284a5b78c8d68eecd140f7feb3eb5e?1732259827\" alt=\"\"\/><\/figure>\n\n\n\n<hr class=\"wp-block-separator has-css-opacity\"\/>\n\n\n\n<div class=\"wp-block-file\"><a id=\"wp-block-file--media-de7e5e5d-c8bd-49bc-a9a8-74a377705092\" href=\"https:\/\/schule-sad.de\/wp-content\/uploads\/2022\/06\/Informationsblatt-Ermaessigung-Elternbeitraege.pdf\" target=\"_blank\" rel=\"noreferrer noopener\"><strong>Informationsblatt Erm\u00e4\u00dfigung Elternbeitr\u00e4ge<\/strong><\/a><\/div>\n\n\n\n<div class=\"wp-block-file\"><a id=\"wp-block-file--media-dfa46fab-e631-456b-8421-c332e0e7101b\" href=\"https:\/\/schule-sad.de\/wp-content\/uploads\/2021\/06\/OGS-Ermaessigungsantrag-Elternbrief.pdf\" target=\"_blank\" rel=\"noreferrer noopener\"><strong>OGS Erm\u00e4\u00dfigungsantrag Elternbrief<\/strong><\/a><\/div>\n\n\n\n<div class=\"wp-block-file\"><a id=\"wp-block-file--media-2285c10a-cb5a-487f-87fb-08e18473a7f1\" href=\"https:\/\/schule-sad.de\/wp-content\/uploads\/2021\/06\/Ermaessigungsantrag-OGS-Beitrag.pdf\" target=\"_blank\" rel=\"noreferrer noopener\"><strong>Erm\u00e4\u00dfigungsantrag OGS-Beitrag<\/strong><\/a><\/div>\n\n\n\n<p><\/p>\n\n\n\n<p class=\"has-medium-font-size\"><strong>Wichtige Unterlagen:<\/strong><\/p>\n\n\n\n<figure class=\"wp-block-table\"><table class=\"has-fixed-layout\"><tbody><tr><td>Betreuungsvertrag<\/td><\/tr><tr><td>Betreuungsvertrag Anlage: Besondere Angaben zum Kind<\/td><\/tr><tr><td><a href=\"https:\/\/schule-sad.de\/wp-content\/uploads\/2025\/06\/2025-05-23-SAD-OGS-6-flexMittagessen.pdf\" target=\"_blank\" rel=\"noreferrer noopener\">Flexibles Mittagessen<\/a><\/td><\/tr><tr><td><a href=\"https:\/\/schule-sad.de\/wp-content\/uploads\/2025\/06\/2025-05-12-SAD-OGS-7-FB-unterrichtsfreier-TAg.pdf\" target=\"_blank\" rel=\"noreferrer noopener\">Verbindliche Anmeldung zur Ferienbetreuung\/ Betreuung an unterrichtsfreien Tagen<\/a><\/td><\/tr><tr><td><a href=\"https:\/\/schule-sad.de\/wp-content\/uploads\/2025\/06\/2025-03-04-SAD-OGS-3-SEPA-Einzugsermaechtigung-allgem.pdf\" target=\"_blank\" rel=\"noreferrer noopener\">Erteilung einer Einzugserm\u00e4chtigung \/ SEPA-Lastschriftmandats<\/a><\/td><\/tr><tr><td><a href=\"https:\/\/schule-sad.de\/wp-content\/uploads\/2025\/06\/2025-05-23-SAD-OGS-4-Beitragsordnung.pdf\" target=\"_blank\" rel=\"noreferrer noopener\">Beitragsordnung Offene Ganztagsschule Schacht-Audorf<\/a><\/td><\/tr><tr><td><a href=\"https:\/\/schule-sad.de\/wp-content\/uploads\/2025\/06\/2025-05-23-SAD-OGS-2-AGB.pdf\" target=\"_blank\" rel=\"noreferrer noopener\">Allgemeine Gesch\u00e4ftsbedingungen (AGB)<\/a><\/td><\/tr><\/tbody><\/table><\/figure>\n\n\n<a href=\"https:\/\/schule-sad.de\/wp-content\/uploads\/2025\/09\/Schuelerheft-OGS-Schacht-Audorf-25-26_1.Hbj_E5.pdf\" class=\"pdfemb-viewer\" style=\"height:900px;\" data-width=\"max\" data-height=\"900\" data-toolbar=\"top\" data-toolbar-fixed=\"on\">Schuelerheft-OGS-Schacht-Audorf-25-26_1.Hbj_E5<\/a>","protected":false},"excerpt":{"rendered":"<p>Wichtige Unterlagen: Betreuungsvertrag Betreuungsvertrag Anlage: Besondere Angaben zum Kind Flexibles Mittagessen Verbindliche Anmeldung zur Ferienbetreuung\/ Betreuung an unterrichtsfreien Tagen Erteilung einer Einzugserm\u00e4chtigung \/ SEPA-Lastschriftmandats Beitragsordnung Offene Ganztagsschule Schacht-Audorf Allgemeine Gesch\u00e4ftsbedingungen (AGB)<\/p>\n","protected":false},"author":3,"featured_media":0,"parent":0,"menu_order":0,"comment_status":"closed","ping_status":"closed","template":"","meta":{"footnotes":""},"class_list":["post-1876","page","type-page","status-publish","hentry"],"_links":{"self":[{"href":"https:\/\/schule-sad.de\/index.php?rest_route=\/wp\/v2\/pages\/1876","targetHints":{"allow":["GET"]}}],"collection":[{"href":"https:\/\/schule-sad.de\/index.php?rest_route=\/wp\/v2\/pages"}],"about":[{"href":"https:\/\/schule-sad.de\/index.php?rest_route=\/wp\/v2\/types\/page"}],"author":[{"embeddable":true,"href":"https:\/\/schule-sad.de\/index.php?rest_route=\/wp\/v2\/users\/3"}],"replies":[{"embeddable":true,"href":"https:\/\/schule-sad.de\/index.php?rest_route=%2Fwp%2Fv2%2Fcomments&post=1876"}],"version-history":[{"count":97,"href":"https:\/\/schule-sad.de\/index.php?rest_route=\/wp\/v2\/pages\/1876\/revisions"}],"predecessor-version":[{"id":3139,"href":"https:\/\/schule-sad.de\/index.php?rest_route=\/wp\/v2\/pages\/1876\/revisions\/3139"}],"wp:attachment":[{"href":"https:\/\/schule-sad.de\/index.php?rest_route=%2Fwp%2Fv2%2Fmedia&parent=1876"}],"curies":[{"name":"wp","href":"https:\/\/api.w.org\/{rel}","templated":true}]}}