{"id":2065,"date":"2022-02-02T23:47:49","date_gmt":"2022-02-02T22:47:49","guid":{"rendered":"https:\/\/schule-sad.de\/?page_id=2065"},"modified":"2026-02-13T00:17:41","modified_gmt":"2026-02-12T23:17:41","slug":"bob","status":"publish","type":"page","link":"https:\/\/schule-sad.de\/?page_id=2065","title":{"rendered":"BO an unserer Schule"},"content":{"rendered":"\n<figure class=\"wp-block-gallery has-nested-images columns-default is-cropped wp-block-gallery-1 is-layout-flex wp-block-gallery-is-layout-flex\">\n<figure class=\"wp-block-image size-large\"><a href=\"https:\/\/schule-sad.de\/wp-content\/uploads\/2022\/09\/BOB-1.jpg\" target=\"_blank\" rel=\"noreferrer noopener\"><img loading=\"lazy\" decoding=\"async\" width=\"675\" height=\"451\" data-id=\"2224\" src=\"https:\/\/schule-sad.de\/wp-content\/uploads\/2022\/09\/BOB-1.jpg\" alt=\"\" class=\"wp-image-2224\" srcset=\"https:\/\/schule-sad.de\/wp-content\/uploads\/2022\/09\/BOB-1.jpg 675w, https:\/\/schule-sad.de\/wp-content\/uploads\/2022\/09\/BOB-1-300x200.jpg 300w\" sizes=\"auto, (max-width: 675px) 100vw, 675px\" \/><\/a><\/figure>\n\n\n\n<figure class=\"wp-block-image size-large\"><a href=\"https:\/\/schule-sad.de\/wp-content\/uploads\/2022\/09\/BOB-2.jpg\" target=\"_blank\" rel=\"noreferrer noopener\"><img loading=\"lazy\" decoding=\"async\" width=\"601\" height=\"451\" data-id=\"2225\" src=\"https:\/\/schule-sad.de\/wp-content\/uploads\/2022\/09\/BOB-2.jpg\" alt=\"\" class=\"wp-image-2225\" srcset=\"https:\/\/schule-sad.de\/wp-content\/uploads\/2022\/09\/BOB-2.jpg 601w, https:\/\/schule-sad.de\/wp-content\/uploads\/2022\/09\/BOB-2-300x225.jpg 300w\" sizes=\"auto, (max-width: 601px) 100vw, 601px\" \/><\/a><\/figure>\n<\/figure>\n\n\n\n<figure class=\"wp-block-image size-full\"><a href=\"https:\/\/schule-sad.de\/wp-content\/uploads\/2022\/02\/BOB2.png\"><img loading=\"lazy\" decoding=\"async\" width=\"960\" height=\"720\" src=\"https:\/\/schule-sad.de\/wp-content\/uploads\/2022\/02\/BOB2.png\" alt=\"\" class=\"wp-image-2072\" srcset=\"https:\/\/schule-sad.de\/wp-content\/uploads\/2022\/02\/BOB2.png 960w, https:\/\/schule-sad.de\/wp-content\/uploads\/2022\/02\/BOB2-300x225.png 300w, https:\/\/schule-sad.de\/wp-content\/uploads\/2022\/02\/BOB2-768x576.png 768w\" sizes=\"auto, (max-width: 960px) 100vw, 960px\" \/><\/a><\/figure>\n\n\n\n<hr class=\"wp-block-separator has-alpha-channel-opacity\"\/>\n\n\n\n<figure class=\"wp-block-image size-full\"><a href=\"https:\/\/schule-sad.de\/wp-content\/uploads\/2022\/02\/Berufsfelderprobung.png\"><img loading=\"lazy\" decoding=\"async\" width=\"960\" height=\"720\" src=\"https:\/\/schule-sad.de\/wp-content\/uploads\/2022\/02\/Berufsfelderprobung.png\" alt=\"\" class=\"wp-image-2074\" srcset=\"https:\/\/schule-sad.de\/wp-content\/uploads\/2022\/02\/Berufsfelderprobung.png 960w, https:\/\/schule-sad.de\/wp-content\/uploads\/2022\/02\/Berufsfelderprobung-300x225.png 300w, https:\/\/schule-sad.de\/wp-content\/uploads\/2022\/02\/Berufsfelderprobung-768x576.png 768w\" sizes=\"auto, (max-width: 960px) 100vw, 960px\" \/><\/a><\/figure>\n\n\n\n<figure class=\"wp-block-image size-full\"><a href=\"https:\/\/schule-sad.de\/wp-content\/uploads\/2025\/01\/Werkstatttage.png\" target=\"_blank\" rel=\" noreferrer noopener\"><img loading=\"lazy\" decoding=\"async\" width=\"960\" height=\"720\" src=\"https:\/\/schule-sad.de\/wp-content\/uploads\/2025\/01\/Werkstatttage.png\" alt=\"\" class=\"wp-image-2766\" srcset=\"https:\/\/schule-sad.de\/wp-content\/uploads\/2025\/01\/Werkstatttage.png 960w, https:\/\/schule-sad.de\/wp-content\/uploads\/2025\/01\/Werkstatttage-300x225.png 300w, https:\/\/schule-sad.de\/wp-content\/uploads\/2025\/01\/Werkstatttage-768x576.png 768w\" sizes=\"auto, (max-width: 960px) 100vw, 960px\" \/><\/a><\/figure>\n\n\n\n<hr class=\"wp-block-separator has-alpha-channel-opacity\"\/>\n\n\n\n<p><strong>Schule trifft Wirtschaft am 13.2.2026&nbsp;<\/strong><\/p>\n\n\n\n<p>Hier im \u00dcberblick:<\/p>\n\n\n\n<ul class=\"wp-block-list\">\n<li><a href=\"https:\/\/schule-sad.de\/wp-content\/uploads\/2026\/02\/Infos-fuer-Kollegen-und-Schueler-2026.pdf\" target=\"_blank\" rel=\"noreferrer noopener\">Informationen f\u00fcr Kollegen und Sch\u00fcler.<\/a><\/li>\n\n\n\n<li><a href=\"https:\/\/schule-sad.de\/wp-content\/uploads\/2026\/02\/Einladung-StW26.pdf\" target=\"_blank\" rel=\"noreferrer noopener\">Einladung<\/a>\u00a0f\u00fcr Eltern und Sch\u00fcler<\/li>\n\n\n\n<li><a href=\"https:\/\/schule-sad.de\/wp-content\/uploads\/2026\/02\/Ausstellerverzeichnis-mit-Berufen-2026.pdf\" target=\"_blank\" rel=\"noreferrer noopener\">Ausstellungsverzeichnis<\/a><\/li>\n\n\n\n<li><a href=\"https:\/\/schule-sad.de\/wp-content\/uploads\/2026\/02\/Aufbauplan-BO-Messe-2026-StW-SAD.pdf\" target=\"_blank\" rel=\"noreferrer noopener\">Aufbauplan<\/a><\/li>\n<\/ul>\n\n\n<a href=\"https:\/\/schule-sad.de\/wp-content\/uploads\/2026\/02\/STW9_Plakat.pdf\" class=\"pdfemb-viewer\" style=\"height:900px;\" data-width=\"max\" data-height=\"900\" data-toolbar=\"top\" data-toolbar-fixed=\"on\">STW9_Plakat<\/a>\n\n\n<hr class=\"wp-block-separator has-alpha-channel-opacity\"\/>\n\n\n<a href=\"https:\/\/schule-sad.de\/wp-content\/uploads\/2022\/09\/Berufswahlsiegel-Homepage-GemS-Schacht.pdf\" class=\"pdfemb-viewer\" style=\"height:900px;\" data-width=\"max\" data-height=\"900\" data-toolbar=\"top\" data-toolbar-fixed=\"on\">Berufswahlsiegel-Homepage-GemS-Schacht<\/a>\n\n\n<hr class=\"wp-block-separator has-alpha-channel-opacity\"\/>\n\n\n\n<p>Unsere Schule ist u.a. mit HanseWerk einen Kooperationsvertrag eingegangen, in dessen Rahmen zahlreiche Projekte zur Berufsorientierung und Berufsfindung stattfinden. Eine \u00dcbersicht \u00fcber die Kooperationspartner und die diversen verschiedenen Aktivit\u00e4ten erhalten Sie auf dem MindMap (bitte anklicken).<\/p>\n\n\n\n<figure class=\"wp-block-image size-full\"><a href=\"https:\/\/schule-sad.de\/wp-content\/uploads\/2025\/01\/Kooperationspartner-Schule.jpg\" target=\"_blank\" rel=\" noreferrer noopener\"><img loading=\"lazy\" decoding=\"async\" width=\"960\" height=\"720\" src=\"https:\/\/schule-sad.de\/wp-content\/uploads\/2025\/01\/Kooperationspartner-Schule.jpg\" alt=\"\" class=\"wp-image-2765\" srcset=\"https:\/\/schule-sad.de\/wp-content\/uploads\/2025\/01\/Kooperationspartner-Schule.jpg 960w, https:\/\/schule-sad.de\/wp-content\/uploads\/2025\/01\/Kooperationspartner-Schule-300x225.jpg 300w, https:\/\/schule-sad.de\/wp-content\/uploads\/2025\/01\/Kooperationspartner-Schule-768x576.jpg 768w\" sizes=\"auto, (max-width: 960px) 100vw, 960px\" \/><\/a><\/figure>\n","protected":false},"excerpt":{"rendered":"<p>Schule trifft Wirtschaft am 13.2.2026&nbsp; Hier im \u00dcberblick: Unsere Schule ist u.a. mit HanseWerk einen Kooperationsvertrag eingegangen, in dessen Rahmen zahlreiche Projekte zur Berufsorientierung und Berufsfindung stattfinden. Eine \u00dcbersicht \u00fcber die Kooperationspartner und die diversen verschiedenen Aktivit\u00e4ten erhalten Sie auf&#8230;<br \/><a class=\"read-more-button\" href=\"https:\/\/schule-sad.de\/?page_id=2065\">Read more<\/a><\/p>\n","protected":false},"author":2,"featured_media":0,"parent":2800,"menu_order":0,"comment_status":"closed","ping_status":"closed","template":"","meta":{"footnotes":""},"class_list":["post-2065","page","type-page","status-publish","hentry"],"_links":{"self":[{"href":"https:\/\/schule-sad.de\/index.php?rest_route=\/wp\/v2\/pages\/2065","targetHints":{"allow":["GET"]}}],"collection":[{"href":"https:\/\/schule-sad.de\/index.php?rest_route=\/wp\/v2\/pages"}],"about":[{"href":"https:\/\/schule-sad.de\/index.php?rest_route=\/wp\/v2\/types\/page"}],"author":[{"embeddable":true,"href":"https:\/\/schule-sad.de\/index.php?rest_route=\/wp\/v2\/users\/2"}],"replies":[{"embeddable":true,"href":"https:\/\/schule-sad.de\/index.php?rest_route=%2Fwp%2Fv2%2Fcomments&post=2065"}],"version-history":[{"count":15,"href":"https:\/\/schule-sad.de\/index.php?rest_route=\/wp\/v2\/pages\/2065\/revisions"}],"predecessor-version":[{"id":3178,"href":"https:\/\/schule-sad.de\/index.php?rest_route=\/wp\/v2\/pages\/2065\/revisions\/3178"}],"up":[{"embeddable":true,"href":"https:\/\/schule-sad.de\/index.php?rest_route=\/wp\/v2\/pages\/2800"}],"wp:attachment":[{"href":"https:\/\/schule-sad.de\/index.php?rest_route=%2Fwp%2Fv2%2Fmedia&parent=2065"}],"curies":[{"name":"wp","href":"https:\/\/api.w.org\/{rel}","templated":true}]}}