{"id":2800,"date":"2025-02-04T18:25:57","date_gmt":"2025-02-04T17:25:57","guid":{"rendered":"https:\/\/schule-sad.de\/?page_id=2800"},"modified":"2025-02-04T22:02:21","modified_gmt":"2025-02-04T21:02:21","slug":"berufsorientierung-2025","status":"publish","type":"page","link":"https:\/\/schule-sad.de\/?page_id=2800","title":{"rendered":"Berufsorientierung"},"content":{"rendered":"\n<p>An unserer Schule finden zahlreiche Aktivit\u00e4ten im Bereich Berufsfindung und Berufsorientierung statt. Auf den verlinkten Seiten&nbsp;k\u00f6nnen Sie sich \u00fcber die wichtigsten Vorhaben informieren.<\/p>\n\n\n\n<p>Die Berufsorientierung nimmt als \u00fcbergeordnetes Ziel einen breiten Raum im Unterrichtsangebot unserer Schule ein. Dabei arbeiten wir mit au\u00dferschulischen Partnern zusammen. Eine \u00dcbersicht \u00fcber die berufsorientierenden Ma\u00dfnahmen und die Kooperationspartner sehen&nbsp;Sie im folgenden Dokument (bitte anklicken).<\/p>\n\n\n\n<figure class=\"wp-block-image size-large\"><a href=\"https:\/\/schule-sad.de\/wp-content\/uploads\/2022\/02\/BO-Konzept-Schule-SAD.png\" target=\"_blank\" rel=\" noreferrer noopener\"><img decoding=\"async\" src=\"https:\/\/schule-sad.de\/wp-content\/uploads\/2022\/02\/BO-Konzept-Schule-SAD.png\" alt=\"\"\/><\/a><\/figure>\n\n\n\n<ul class=\"wp-block-list\">\n<li style=\"font-size:24px\"><a href=\"https:\/\/schule-sad.de\/?page_id=2065\" target=\"_blank\" rel=\"noreferrer noopener\">Berufsorientierung an unserer Schule<\/a><\/li>\n\n\n\n<li style=\"font-size:24px\"><a href=\"https:\/\/schule-sad.de\/?page_id=2806\" target=\"_blank\" rel=\"noreferrer noopener\">Berufsberatung<\/a><\/li>\n\n\n\n<li style=\"font-size:24px\"><a href=\"https:\/\/schule-sad.de\/?page_id=2813\" target=\"_blank\" rel=\"noreferrer noopener\">Wege nach dem Abschluss<\/a><\/li>\n\n\n\n<li style=\"font-size:24px\"><a href=\"https:\/\/schule-sad.de\/?page_id=2810\" target=\"_blank\" rel=\"noreferrer noopener\">Links<\/a><\/li>\n<\/ul>\n","protected":false},"excerpt":{"rendered":"<p>An unserer Schule finden zahlreiche Aktivit\u00e4ten im Bereich Berufsfindung und Berufsorientierung statt. Auf den verlinkten Seiten&nbsp;k\u00f6nnen Sie sich \u00fcber die wichtigsten Vorhaben informieren. Die Berufsorientierung nimmt als \u00fcbergeordnetes Ziel einen breiten Raum im Unterrichtsangebot unserer Schule ein. Dabei arbeiten wir&#8230;<br \/><a class=\"read-more-button\" href=\"https:\/\/schule-sad.de\/?page_id=2800\">Read more<\/a><\/p>\n","protected":false},"author":2,"featured_media":0,"parent":76,"menu_order":0,"comment_status":"closed","ping_status":"closed","template":"","meta":{"footnotes":""},"class_list":["post-2800","page","type-page","status-publish","hentry"],"_links":{"self":[{"href":"https:\/\/schule-sad.de\/index.php?rest_route=\/wp\/v2\/pages\/2800","targetHints":{"allow":["GET"]}}],"collection":[{"href":"https:\/\/schule-sad.de\/index.php?rest_route=\/wp\/v2\/pages"}],"about":[{"href":"https:\/\/schule-sad.de\/index.php?rest_route=\/wp\/v2\/types\/page"}],"author":[{"embeddable":true,"href":"https:\/\/schule-sad.de\/index.php?rest_route=\/wp\/v2\/users\/2"}],"replies":[{"embeddable":true,"href":"https:\/\/schule-sad.de\/index.php?rest_route=%2Fwp%2Fv2%2Fcomments&post=2800"}],"version-history":[{"count":6,"href":"https:\/\/schule-sad.de\/index.php?rest_route=\/wp\/v2\/pages\/2800\/revisions"}],"predecessor-version":[{"id":2840,"href":"https:\/\/schule-sad.de\/index.php?rest_route=\/wp\/v2\/pages\/2800\/revisions\/2840"}],"up":[{"embeddable":true,"href":"https:\/\/schule-sad.de\/index.php?rest_route=\/wp\/v2\/pages\/76"}],"wp:attachment":[{"href":"https:\/\/schule-sad.de\/index.php?rest_route=%2Fwp%2Fv2%2Fmedia&parent=2800"}],"curies":[{"name":"wp","href":"https:\/\/api.w.org\/{rel}","templated":true}]}}