{"id":37,"date":"2016-08-22T22:46:56","date_gmt":"2016-08-22T21:46:56","guid":{"rendered":"http:\/\/neu.schule-sad.de\/?page_id=37"},"modified":"2026-03-10T13:36:15","modified_gmt":"2026-03-10T12:36:15","slug":"kollegium","status":"publish","type":"page","link":"https:\/\/schule-sad.de\/?page_id=37","title":{"rendered":"Kollegium und Mitarbeiter"},"content":{"rendered":"\n<figure class=\"wp-block-image size-large is-style-default\"><a href=\"https:\/\/schule-sad.de\/wp-content\/uploads\/2025\/11\/Kollegium2025-scaled.jpg\"><img loading=\"lazy\" decoding=\"async\" width=\"1024\" height=\"768\" src=\"https:\/\/schule-sad.de\/wp-content\/uploads\/2025\/11\/Kollegium2025-1024x768.jpg\" alt=\"\" class=\"wp-image-3091\" style=\"aspect-ratio:3\/2;object-fit:cover\" srcset=\"https:\/\/schule-sad.de\/wp-content\/uploads\/2025\/11\/Kollegium2025-1024x768.jpg 1024w, https:\/\/schule-sad.de\/wp-content\/uploads\/2025\/11\/Kollegium2025-300x225.jpg 300w, https:\/\/schule-sad.de\/wp-content\/uploads\/2025\/11\/Kollegium2025-768x576.jpg 768w, https:\/\/schule-sad.de\/wp-content\/uploads\/2025\/11\/Kollegium2025-1536x1152.jpg 1536w, https:\/\/schule-sad.de\/wp-content\/uploads\/2025\/11\/Kollegium2025-2048x1536.jpg 2048w, https:\/\/schule-sad.de\/wp-content\/uploads\/2025\/11\/Kollegium2025-1170x878.jpg 1170w\" sizes=\"auto, (max-width: 1024px) 100vw, 1024px\" \/><\/a><\/figure>\n\n\n\n<p><\/p>\n\n\n\n<figure class=\"wp-block-table is-style-stripes\"><table><thead><tr><th>Vorname<\/th><th>Nachname<\/th><th>K\u00fcrzel<\/th><th>F\u00e4cher<\/th><\/tr><\/thead><tbody><tr><td>Sarah<\/td><td>Altenbeck<\/td><td>Atb<\/td><td><\/td><\/tr><tr><td>Maike<\/td><td>Asmussen-Brencher<\/td><td>As<\/td><td>Mathe, Biologie<\/td><\/tr><tr><td>Carolin<\/td><td>Baginski<\/td><td>Bag<\/td><td>Deutsch, Religion, DAZ<\/td><\/tr><tr><td>Giuliana<\/td><td>Baier<\/td><td>Ba<\/td><td><\/td><\/tr><tr><td>Diana<\/td><td>B\u00f6ttger<\/td><td>B\u00f6<\/td><td>Englisch, Verbraucherbildung<\/td><\/tr><tr><td>Adriano<\/td><td>Brotz<\/td><td>Btz<\/td><td>Sport, Wipo, Weltkunde, DAZ<\/td><\/tr><tr><td>Pia<\/td><td>B\u00fcssing<\/td><td>B\u00fcs<\/td><td>Textil, Deutsch<\/td><\/tr><tr><td>Beate<\/td><td>Ciza<\/td><td>Cz<\/td><td>Mathematik, Physik,<\/td><\/tr><tr><td>Conny<\/td><td>Clemens<\/td><td>Cl<\/td><td>Deutsch, Kunst<\/td><\/tr><tr><td>J\u00f6rg<\/td><td>Clement<\/td><td>Cmt<\/td><td>Mathematik, Wipo<\/td><\/tr><tr><td>Kathrin<\/td><td>Corbus<\/td><td>Cor<\/td><td>Mathematik, Physik<\/td><\/tr><tr><td>Lina<\/td><td>Czarnetzki<\/td><td>Cn<\/td><td><\/td><\/tr><tr><td>Nedime<\/td><td>Demir<\/td><td>Dm<\/td><td><\/td><\/tr><tr><td>Jonas<\/td><td>Deutschmann<\/td><td>Dt<\/td><td><\/td><\/tr><tr><td>Jill<\/td><td>Dorn<\/td><td>Do<\/td><td><\/td><\/tr><tr><td>Sarah<\/td><td>Ehlers<\/td><td>Ehl<\/td><td><\/td><\/tr><tr><td>Alexis<\/td><td>Enns<\/td><td>En<\/td><td>Sport, Technik<\/td><\/tr><tr><td>Michaela<\/td><td>Fuchs<\/td><td>Fu<\/td><td>Deutsch, Religion<\/td><\/tr><tr><td>Finnja<\/td><td>Gerlach<\/td><td>Ger<\/td><td><\/td><\/tr><tr><td>Sven<\/td><td>Gritto<\/td><td>Gri<\/td><td>Mathematik, Geographie<\/td><\/tr><tr><td>Bj\u00f6rn<\/td><td>Groth<\/td><td>Gro<\/td><td>Englisch, Deutsch, HSU, Musik<\/td><\/tr><tr><td>Simone<\/td><td>Hansen<\/td><td>Ha<\/td><td>Deutsch, Sachunterricht<\/td><\/tr><tr><td>Nikola<\/td><td>Hausen<\/td><td>Hau<\/td><td><\/td><\/tr><tr><td>Paula<\/td><td>Heider<\/td><td>He<\/td><td><\/td><\/tr><tr><td>Bunafsha<\/td><td>Hurmatova<\/td><td>Hu<\/td><td><\/td><\/tr><tr><td>Tim<\/td><td>Kaminski<\/td><td>Km<\/td><td><\/td><\/tr><tr><td>Pauline<\/td><td>Kaminski<\/td><td>Ks<\/td><td><\/td><\/tr><tr><td>Nataliia<\/td><td>Korniienko<\/td><td>Kor<\/td><td><\/td><\/tr><tr><td>Veruschka<\/td><td>Krafft<\/td><td>Kr<\/td><td><\/td><\/tr><tr><td>Mayte<\/td><td>Kr\u00e4mer<\/td><td>Kr\u00e4<\/td><td>Englisch, Wipo, DAZ<\/td><\/tr><tr><td>Astrid<\/td><td>Krichel<\/td><td>Kri<\/td><td>Mathematik, Kunst<\/td><\/tr><tr><td>Birthe<\/td><td>Ley-Th\u00f6ming<\/td><td>Ly<\/td><td>Mathematik, Nawi, Musik,<\/td><\/tr><tr><td>Simone<\/td><td>Lie\u00dfegang<\/td><td>Lie<\/td><td><\/td><\/tr><tr><td>Kira<\/td><td>Lutsch<\/td><td>Lu<\/td><td><\/td><\/tr><tr><td>Yannick<\/td><td>Mittas<\/td><td>Mit<\/td><td><\/td><\/tr><tr><td>Niels<\/td><td>M\u00f6ller<\/td><td>M\u00f6<\/td><td>Mathematik, Chemie, Nawi, Informatik<\/td><\/tr><tr><td>Mirja<\/td><td>Necker<\/td><td>Nck<\/td><td>Englisch, Sachunterricht<\/td><\/tr><tr><td>Tina<\/td><td>Paugstedt<\/td><td>Pau<\/td><td><\/td><\/tr><tr><td>Liv<\/td><td>Paysen<\/td><td><\/td><td><\/td><\/tr><tr><td>Christiane&nbsp;<\/td><td>Peters<\/td><td>Ps<\/td><td>Mathematik, Sport<\/td><\/tr><tr><td>Hauke<\/td><td>Peters<\/td><td>Pts<\/td><td>Mathematik, Physik<\/td><\/tr><tr><td>Jan<\/td><td>Pioch<\/td><td>Pio<\/td><td><\/td><\/tr><tr><td>Jana<\/td><td>Pl\u00f6hn<\/td><td>Pl<\/td><td>Englisch, Deutsch<\/td><\/tr><tr><td>Florian<\/td><td>Popp<\/td><td>Pp<\/td><td><\/td><\/tr><tr><td>Sarah<\/td><td>Reichenecker<\/td><td>Re<\/td><td>Deutsch, Sachunterricht<\/td><\/tr><tr><td>Katharina<\/td><td>Richter<\/td><td>R<\/td><td>Mathe, Textillehre, Sachunterricht<\/td><\/tr><tr><td>Alexandra<\/td><td>Rogalli<\/td><td>Rog<\/td><td>Franz\u00f6sisch, Kunst, DAZ<\/td><\/tr><tr><td>Raphael<\/td><td>Ronkholz<\/td><td>Rz<\/td><td><\/td><\/tr><tr><td>Pia<\/td><td>Schepp<\/td><td>Sche<\/td><td><\/td><\/tr><tr><td>Felix<\/td><td>Schnarr<\/td><td>Schn<\/td><td>Englisch, Sachunterricht, Mathe<\/td><\/tr><tr><td>Christian&nbsp;<\/td><td>Sievers<\/td><td>Si<\/td><td>Deutsch, Sport, Weltkunde<\/td><\/tr><tr><td>Hendrik Piet<\/td><td>van Stipriaan<\/td><td>Sti<\/td><td>Deutsch, WiPo<\/td><\/tr><tr><td>Imke<\/td><td>Stritter<\/td><td>Str<\/td><td>Deutsch, Verbraucherbildung<\/td><\/tr><tr><td>Jochen<\/td><td>Tan<\/td><td>Tn<\/td><td>Englisch, Sport<\/td><\/tr><tr><td>Malte<\/td><td>Temmen<\/td><td>Tem<\/td><td><\/td><\/tr><tr><td>Christopher<\/td><td>Todt<\/td><td>To<\/td><td>Deutsch, Sport<\/td><\/tr><tr><td>Janika<\/td><td>Wegener<\/td><td>Wgn<\/td><td>Franz\u00f6sisch, Geschichte, Weltkunde<\/td><\/tr><tr><td>Monique<\/td><td>Wita-B\u00fcnger<\/td><td>WB<\/td><td>Deutsch, Englisch,<\/td><\/tr><\/tbody><\/table><\/figure>\n\n\n\n<p><strong>Lehrer f\u00fcr I-Ma\u00dfnahmen<\/strong><\/p>\n\n\n\n<figure class=\"wp-block-table is-style-stripes\"><table><tbody><tr><td>Jule<\/td><td>Ahlften von<\/td><td>Ah<\/td><td><\/td><td><\/td><td><\/td><td><\/td><td><\/td><td><\/td><td><\/td><td><\/td><td><\/td><td><\/td><td><\/td><td><\/td><\/tr><tr><td>Alexander<\/td><td>Larissa<\/td><td><\/td><td><\/td><td><\/td><td><\/td><td><\/td><td><\/td><td><\/td><td><\/td><td><\/td><td><\/td><td><\/td><td><\/td><td><\/td><\/tr><tr><td>Brenda<\/td><td>Bastubba<\/td><td><\/td><td><\/td><td><\/td><td><\/td><td><\/td><td><\/td><td><\/td><td><\/td><td><\/td><td><\/td><td><\/td><td><\/td><td><\/td><\/tr><tr><td>Immo<\/td><td>Heite<\/td><td>Hei<\/td><td><\/td><td><\/td><td><\/td><td><\/td><td><\/td><td><\/td><td><\/td><td><\/td><td><\/td><td><\/td><td><\/td><td><\/td><\/tr><tr><td>Koch<\/td><td>Thorsten<\/td><td><\/td><td><\/td><td><\/td><td><\/td><td><\/td><td><\/td><td><\/td><td><\/td><td><\/td><td><\/td><td><\/td><td><\/td><td><\/td><\/tr><tr><td>Spitzka-Kohn<\/td><td>Kim-Laura<\/td><td><\/td><td><\/td><td><\/td><td><\/td><td><\/td><td><\/td><td><\/td><td><\/td><td><\/td><td><\/td><td><\/td><td><\/td><td><\/td><\/tr><tr><td>Sandra<\/td><td>Sabzeghabai<\/td><td>Sab<\/td><td><\/td><td><\/td><td><\/td><td><\/td><td><\/td><td><\/td><td><\/td><td><\/td><td><\/td><td><\/td><td><\/td><td><\/td><\/tr><\/tbody><\/table><\/figure>\n\n\n\n<p><strong>Schulsozialarbeiter \/ Schulassistentin<\/strong><\/p>\n\n\n\n<figure class=\"wp-block-table is-style-stripes\"><table><tbody><tr><td>Fakhrou<\/td><td>Ali<\/td><td>Fa<\/td><td><\/td><td><\/td><td><\/td><td><\/td><td><\/td><td><\/td><td><\/td><td><\/td><td><\/td><td><\/td><td><\/td><\/tr><tr><td>Klement<\/td><td>Eden<\/td><td><\/td><td><\/td><td><\/td><td><\/td><td><\/td><td><\/td><td><\/td><td><\/td><td><\/td><td><\/td><td><\/td><td><\/td><\/tr><tr><td>St\u00fchmer<\/td><td>Danuta<\/td><td>St\u00fc<\/td><td><\/td><td><\/td><td><\/td><td><\/td><td><\/td><td><\/td><td><\/td><td><\/td><td><\/td><td><\/td><td><\/td><\/tr><\/tbody><\/table><\/figure>\n\n\n\n<p><strong>Mitarbeiter<\/strong><\/p>\n\n\n\n<figure class=\"wp-block-table is-style-stripes\"><table><tbody><tr><td>Simson<\/td><td>Martin<\/td><td>Sim<\/td><td>Hausmeister<\/td><td><\/td><td><\/td><td><\/td><td><\/td><td><\/td><td><\/td><td><\/td><td><\/td><td><\/td><td><\/td><\/tr><tr><td>Cordes<\/td><td>Horst<\/td><td>Crd<\/td><td>Hausmeister<\/td><td><\/td><td><\/td><td><\/td><td><\/td><td><\/td><td><\/td><td><\/td><td><\/td><td><\/td><td><\/td><\/tr><tr><td>Thode<\/td><td>Julia<\/td><td><\/td><td>Schulsekret\u00e4rin<\/td><td><\/td><td><\/td><td><\/td><td><\/td><td><\/td><td><\/td><td><\/td><td><\/td><td><\/td><td><\/td><\/tr><tr><td>F\u00f6lster<\/td><td>Astrid<\/td><td><\/td><td>Schulsekret\u00e4rin<\/td><td><\/td><td><\/td><td><\/td><td><\/td><td><\/td><td><\/td><td><\/td><td><\/td><td><\/td><td><\/td><\/tr><\/tbody><\/table><\/figure>\n\n\n\n<p><\/p>\n","protected":false},"excerpt":{"rendered":"<p>Vorname Nachname K\u00fcrzel F\u00e4cher Sarah Altenbeck Atb Maike Asmussen-Brencher As Mathe, Biologie Carolin Baginski Bag Deutsch, Religion, DAZ Giuliana Baier Ba Diana B\u00f6ttger B\u00f6 Englisch, Verbraucherbildung Adriano Brotz Btz Sport, Wipo, Weltkunde, DAZ Pia B\u00fcssing B\u00fcs Textil, Deutsch Beate Ciza&#8230;<br \/><a class=\"read-more-button\" href=\"https:\/\/schule-sad.de\/?page_id=37\">Read more<\/a><\/p>\n","protected":false},"author":2,"featured_media":0,"parent":33,"menu_order":2,"comment_status":"closed","ping_status":"closed","template":"","meta":{"footnotes":""},"class_list":["post-37","page","type-page","status-publish","hentry"],"_links":{"self":[{"href":"https:\/\/schule-sad.de\/index.php?rest_route=\/wp\/v2\/pages\/37","targetHints":{"allow":["GET"]}}],"collection":[{"href":"https:\/\/schule-sad.de\/index.php?rest_route=\/wp\/v2\/pages"}],"about":[{"href":"https:\/\/schule-sad.de\/index.php?rest_route=\/wp\/v2\/types\/page"}],"author":[{"embeddable":true,"href":"https:\/\/schule-sad.de\/index.php?rest_route=\/wp\/v2\/users\/2"}],"replies":[{"embeddable":true,"href":"https:\/\/schule-sad.de\/index.php?rest_route=%2Fwp%2Fv2%2Fcomments&post=37"}],"version-history":[{"count":56,"href":"https:\/\/schule-sad.de\/index.php?rest_route=\/wp\/v2\/pages\/37\/revisions"}],"predecessor-version":[{"id":3210,"href":"https:\/\/schule-sad.de\/index.php?rest_route=\/wp\/v2\/pages\/37\/revisions\/3210"}],"up":[{"embeddable":true,"href":"https:\/\/schule-sad.de\/index.php?rest_route=\/wp\/v2\/pages\/33"}],"wp:attachment":[{"href":"https:\/\/schule-sad.de\/index.php?rest_route=%2Fwp%2Fv2%2Fmedia&parent=37"}],"curies":[{"name":"wp","href":"https:\/\/api.w.org\/{rel}","templated":true}]}}