{"id":80,"date":"2016-08-26T11:39:46","date_gmt":"2016-08-26T10:39:46","guid":{"rendered":"http:\/\/neu.schule-sad.de\/?page_id=80"},"modified":"2023-10-06T09:58:48","modified_gmt":"2023-10-06T08:58:48","slug":"schulelternbeirat","status":"publish","type":"page","link":"https:\/\/schule-sad.de\/?page_id=80","title":{"rendered":"Schulelternbeirat"},"content":{"rendered":"\n<p>Liebe Eltern und Erziehungsberechtigten,<\/p>\n\n\n\n<p>wir drei Cornelia Uken, Yvonne F\u00fcnning und Claudia Clausen sind der SEB Vorstand.<\/p>\n\n\n\n<p>Ihr erreicht uns unter folgender E-Mail Adresse: \u00a0<a href=\"mailto:schulelternbeirat@schule-sad.org\">schulelternbeirat@schule-sad.org<\/a><\/p>\n\n\n\n<p><\/p>\n\n\n\n<p>Die Kontaktdaten aller \u00c4mter und f\u00fcr alle Klassen m\u00fcssen separat f\u00fcr die Grundschule und die Gemeinschaftsschule ggf. \u00fcber IServ angefragt werden.<\/p>\n","protected":false},"excerpt":{"rendered":"<p>Liebe Eltern und Erziehungsberechtigten, wir drei Cornelia Uken, Yvonne F\u00fcnning und Claudia Clausen sind der SEB Vorstand. Ihr erreicht uns unter folgender E-Mail Adresse: \u00a0schulelternbeirat@schule-sad.org Die Kontaktdaten aller \u00c4mter und f\u00fcr alle Klassen m\u00fcssen separat f\u00fcr die Grundschule und die&#8230;<br \/><a class=\"read-more-button\" href=\"https:\/\/schule-sad.de\/?page_id=80\">Read more<\/a><\/p>\n","protected":false},"author":1,"featured_media":0,"parent":76,"menu_order":2,"comment_status":"closed","ping_status":"closed","template":"","meta":{"footnotes":""},"class_list":["post-80","page","type-page","status-publish","hentry"],"_links":{"self":[{"href":"https:\/\/schule-sad.de\/index.php?rest_route=\/wp\/v2\/pages\/80","targetHints":{"allow":["GET"]}}],"collection":[{"href":"https:\/\/schule-sad.de\/index.php?rest_route=\/wp\/v2\/pages"}],"about":[{"href":"https:\/\/schule-sad.de\/index.php?rest_route=\/wp\/v2\/types\/page"}],"author":[{"embeddable":true,"href":"https:\/\/schule-sad.de\/index.php?rest_route=\/wp\/v2\/users\/1"}],"replies":[{"embeddable":true,"href":"https:\/\/schule-sad.de\/index.php?rest_route=%2Fwp%2Fv2%2Fcomments&post=80"}],"version-history":[{"count":17,"href":"https:\/\/schule-sad.de\/index.php?rest_route=\/wp\/v2\/pages\/80\/revisions"}],"predecessor-version":[{"id":2457,"href":"https:\/\/schule-sad.de\/index.php?rest_route=\/wp\/v2\/pages\/80\/revisions\/2457"}],"up":[{"embeddable":true,"href":"https:\/\/schule-sad.de\/index.php?rest_route=\/wp\/v2\/pages\/76"}],"wp:attachment":[{"href":"https:\/\/schule-sad.de\/index.php?rest_route=%2Fwp%2Fv2%2Fmedia&parent=80"}],"curies":[{"name":"wp","href":"https:\/\/api.w.org\/{rel}","templated":true}]}}