{"id":82,"date":"2016-08-26T11:40:00","date_gmt":"2016-08-26T10:40:00","guid":{"rendered":"http:\/\/neu.schule-sad.de\/?page_id=82"},"modified":"2023-09-17T19:28:31","modified_gmt":"2023-09-17T18:28:31","slug":"schulsozialarbeit","status":"publish","type":"page","link":"https:\/\/schule-sad.de\/?page_id=82","title":{"rendered":"Schulsozialarbeit"},"content":{"rendered":"\n<p>Liebe Sch\u00fcler, liebe Eltern, liebe Lehrkr\u00e4fte,<\/p>\n\n\n\n<p>\u00fcber folgende Wege k\u00f6nnen wir mit Ihnen gerne Anliegen besprechen oder Termine vereinbaren:<\/p>\n\n\n\n<p class=\"has-text-align-center\">E-Mail: <a href=\"mailto:ali.fakhrou@bruecke.org\">Schulsozialarbeit.sad@bruecke.org<\/a><\/p>\n\n\n\n<p class=\"has-text-align-center\">Iserv <a href=\"mailto:matthias.boelkies@schule-sad.org\"><\/a><a href=\"mailto:ali.fakhrou@schule-sad.org\"><\/a><a href=\"mailto:ali.fakhrou@schule-sad.org\">ali.fakhrou@schule-sad.org<\/a> oder <a href=\"mailto:eden.klement@schule-sad.org\">eden.klement@schule-sad.org<\/a><\/p>\n\n\n\n<p><strong>Diensthandy: <\/strong><\/p>\n\n\n\n<p class=\"has-text-align-center has-very-light-gray-background-color has-background\">Ali Fakhrou: 0152\/54759583 und Eden Klement: 0173\/2097016<\/p>\n\n\n\n<p>Wir w\u00fcnschen Euch und Ihnen eine gesunde Zeit!<\/p>\n\n\n\n<p>Beste Gr\u00fc\u00dfe,<\/p>\n\n\n\n<p>Ali Fakhrou &amp; Eden Klement (Schulsozialarbeiterteam an der Grund- und Gemeinschaftsschule SAD)<\/p>\n\n\n\n<p><\/p>\n\n\n<h1 style=\"text-align: center;\"><strong><span style=\"color: #000000;\"><span style=\"color: #ff6600;\">Schul<\/span>sozialarbeit<\/span><\/strong><\/h1>\n<p style=\"text-align: center;\">an der<\/p>\n<p style=\"text-align: center;\">Grund- und Gemeinschaftsschule Schacht-Audorf<\/p>\n<p><span style=\"color: #ff6600;\"><strong>Zentrale Aufgaben der Schulsozialarbeit<\/strong><\/span><\/p>\n<ul>\n<li>Sprechstunden<\/li>\n<li>Einzelfallhilfe<\/li>\n<li>Beratung f\u00fcr Kinder, Eltern, Lehrkr\u00e4fte und Erziehungsberechtigte<\/li>\n<li>Netzwerkarbeit<\/li>\n<li>Beachtung des Schutzauftrages bei Kindeswohlgef\u00e4hrdung<\/li>\n<li>Krisenintervention im Schulalltag<\/li>\n<li>Hilfe zur Selbsthilfe<\/li>\n<li>Zusammenarbeit mit Familien<\/li>\n<li>Durchf\u00fchrung und Organisation von Sozialkompetenztrainings (Teamtraining) in der Schule<\/li>\n<\/ul>\n<p><span style=\"color: #ff6600;\"><strong>Begleiten Unterst\u00fctzen St\u00e4rken<\/strong><\/span><\/p>\n<p>Ziel ist es, die Sch\u00fcler im Prozess des Erwachsenwerdens zu <strong>begleiten<\/strong>.<\/p>\n<p>In einer f\u00fcr sie befriedigenden Lebensbew\u00e4ltigung m\u00f6chten wir <strong>unterst\u00fctzen <\/strong>und ihre eigenen Kompetenzen <strong>st\u00e4rken<\/strong>.<\/p>\n<p style=\"text-align: center;\"><span style=\"color: #ff6600;\"><strong><u>ZU IHRER INFORMATION:<\/u><\/strong><\/span><\/p>\n<p style=\"text-align: center;\">Schulsozialarbeit zeichnet sich aus durch:<\/p>\n<p style=\"text-align: center;\"><span style=\"color: #ff6600;\"><strong>Freiwilligkeit<\/strong><\/span><\/p>\n<p style=\"text-align: center;\"><span style=\"color: #ff6600;\"><strong>Verbindlichkeit<\/strong><\/span><\/p>\n<p style=\"text-align: center;\"><span style=\"color: #ff6600;\"><strong>Vertraulichkeit<\/strong><\/span><\/p>\n<p>Die Schulsozialarbeit unterliegt der gesetzlichen Schweigepflicht! Die Inhalte der Beratung oder Fragen werden nur mit Ihrem Einverst\u00e4ndnis anderen Personen oder Institutionen zug\u00e4nglich gemacht.<\/p>\n<p><strong>\u00a0<span style=\"color: #ff6600;\">Kontakt\u00a0\u00a0<\/span> \u00a0\u00a0\u00a0\u00a0\u00a0\u00a0\u00a0\u00a0\u00a0\u00a0\u00a0\u00a0\u00a0\u00a0\u00a0\u00a0\u00a0\u00a0\u00a0\u00a0\u00a0\u00a0\u00a0\u00a0\u00a0\u00a0\u00a0\u00a0\u00a0<\/strong><\/p>\n<p>Ali Fakhrou<\/p>\n<p>Eden Klement<\/p>\n<p>Br\u00fccke Rendsburg- Eckernf\u00f6rde e.V.<\/p>\n<p>Tel.: 04331 70 886-16<\/p>\n<p>E-Mail: <a href=\"mailto:eden.klement@schule-sad.org\">eden.klement@schule-sad.org<\/a><\/p>\n<p>und <a href=\"mailto:ali.fakhrou@bruecke.org\">ali.fakhrou@bruecke.org<\/a> oder <a href=\"mailto:ali.fakhrou@schule-sad.org\">ali.fakhrou@schule-sad.org<\/a><\/p>\n<p><span style=\"color: #ff6600;\"><strong>So finden Sie uns<\/strong><\/span><\/p>\n<p>Das Schulsozialarbeit- B\u00fcro befindet sich im Altbau- S\u00fcd, Raum 14 hinter dem Lehrerzimmer und der Schulk\u00fcche.<\/p>","protected":false},"excerpt":{"rendered":"<p>Liebe Sch\u00fcler, liebe Eltern, liebe Lehrkr\u00e4fte, \u00fcber folgende Wege k\u00f6nnen wir mit Ihnen gerne Anliegen besprechen oder Termine vereinbaren: E-Mail: Schulsozialarbeit.sad@bruecke.org Iserv ali.fakhrou@schule-sad.org oder eden.klement@schule-sad.org Diensthandy: Ali Fakhrou: 0152\/54759583 und Eden Klement: 0173\/2097016 Wir w\u00fcnschen Euch und Ihnen eine gesunde&#8230;<br \/><a class=\"read-more-button\" href=\"https:\/\/schule-sad.de\/?page_id=82\">Read more<\/a><\/p>\n","protected":false},"author":1,"featured_media":0,"parent":76,"menu_order":3,"comment_status":"closed","ping_status":"closed","template":"","meta":{"footnotes":""},"class_list":["post-82","page","type-page","status-publish","hentry"],"_links":{"self":[{"href":"https:\/\/schule-sad.de\/index.php?rest_route=\/wp\/v2\/pages\/82","targetHints":{"allow":["GET"]}}],"collection":[{"href":"https:\/\/schule-sad.de\/index.php?rest_route=\/wp\/v2\/pages"}],"about":[{"href":"https:\/\/schule-sad.de\/index.php?rest_route=\/wp\/v2\/types\/page"}],"author":[{"embeddable":true,"href":"https:\/\/schule-sad.de\/index.php?rest_route=\/wp\/v2\/users\/1"}],"replies":[{"embeddable":true,"href":"https:\/\/schule-sad.de\/index.php?rest_route=%2Fwp%2Fv2%2Fcomments&post=82"}],"version-history":[{"count":13,"href":"https:\/\/schule-sad.de\/index.php?rest_route=\/wp\/v2\/pages\/82\/revisions"}],"predecessor-version":[{"id":2396,"href":"https:\/\/schule-sad.de\/index.php?rest_route=\/wp\/v2\/pages\/82\/revisions\/2396"}],"up":[{"embeddable":true,"href":"https:\/\/schule-sad.de\/index.php?rest_route=\/wp\/v2\/pages\/76"}],"wp:attachment":[{"href":"https:\/\/schule-sad.de\/index.php?rest_route=%2Fwp%2Fv2%2Fmedia&parent=82"}],"curies":[{"name":"wp","href":"https:\/\/api.w.org\/{rel}","templated":true}]}}