{"id":84,"date":"2016-08-26T11:40:20","date_gmt":"2016-08-26T10:40:20","guid":{"rendered":"http:\/\/neu.schule-sad.de\/?page_id=84"},"modified":"2022-11-03T19:54:13","modified_gmt":"2022-11-03T18:54:13","slug":"streitschlichter","status":"publish","type":"page","link":"https:\/\/schule-sad.de\/?page_id=84","title":{"rendered":"Streitschlichter"},"content":{"rendered":"<p><strong>Zukunftsschule Stufe II<\/strong><\/p>\n<p>Jedes Jahr bewertet eine Jury die Arbeit an Schulen, die sich f\u00fcr die Nominierung zur Zukunftsschule bewerben.<\/p>\n<p>Die Jury setzt sich aus folgenden Mitgliedern zusammen:<br \/>&#8211; Ein Vertreter des Sparkassen- und Giroverbandes SH<br \/>&#8211; Der Kreisfachberater f\u00fcr Natur, Umwelt &amp; BNE<br \/>&#8211; Ein Mitglied des Vereins \u201ePartner der Zukunftsschule SH\u201c<br \/>&#8211; Diverse Ehreng\u00e4ste<br \/>Unsere Schule hat sich dieses Jahr f\u00fcr die Stufe II mit den Projekten Streitschlichter und Niedrigseilgarten im Schulwald beworben.<br \/>Am 12. Juli war es soweit. Im Landtag in Kiel wurde unsere Schule, nach den Begr\u00fc\u00dfungsreden, musikalischen Beitr\u00e4gen und\u00a0 einem angeleiteten Sch\u00fclerkongress, als Zukunftsschule Stufe II ausgezeichnet.<br \/>Diese Auszeichnung wurde verliehen, weil unsere Schule mit den Projekten<\/p>\n<p>\u201eStreitschlichter\u201c und \u201eNiedrigseilgarten im Schulwald\u201c die dazu erforderlichen Voraussetzungen erf\u00fcllt hat: Die beiden Projekte werden daf\u00fcr genutzt, um Bildung f\u00fcr nachhaltige Entwicklung in der Schule in das Bewusstsein der Sch\u00fclerschaft, des Kollegiums und der Mitarbeiterinnen und Mitarbeiter zu tragen. Eine Gruppe von drei Lehrkr\u00e4ften (Frau Krichel und Frau Gutschlag f\u00fcr die Streitschlichter und Herr Todt f\u00fcr den Niedrigseilgarten im Schulwald) ist mit ihren Lerngruppen an den Projekten beteiligt. Unsere Schule tauscht sich regelm\u00e4\u00dfig mit mindestens zwei schulischen oder au\u00dferschulischen Partnern aus.<\/p>\n<p>Bei beiden Projekten spielt die Einbindung der Sch\u00fclerinnen und Sch\u00fcler in Entscheidungsstrukturen zu konkreten Vorhaben eine sehr gro\u00dfe Rolle.<br \/>Diese Auszeichnung beinhaltet auch eine Geldpr\u00e4mie von 75,00\u20ac<\/p>\n<p>&#8212;&#8212;&#8212;&#8212;&#8212;&#8212;&#8212;&#8212;&#8212;&#8212;&#8212;&#8212;&#8212;&#8212;&#8212;&#8212;&#8212;&#8212;&#8212;&#8212;&#8212;&#8212;&#8212;&#8212;&#8212;&#8212;&#8212;&#8211;<\/p>\n<p>Hier stellen sich die Streitschlichter und ihre Arbeit vor. Das folgende PDF-Dokument gibt einen ersten Einblick. Das selbst gedrehte Video veranschaulicht die Arbeit der Streitschlichter.<\/p>\n<p><iframe loading=\"lazy\" title=\"Streitschlichter - Theorie und Praxis\" width=\"734\" height=\"413\" src=\"https:\/\/www.youtube.com\/embed\/QcbzQj9MmQM?feature=oembed\" frameborder=\"0\" allow=\"accelerometer; autoplay; clipboard-write; encrypted-media; gyroscope; picture-in-picture\" allowfullscreen><\/iframe><\/p>\n\n<a href=\"https:\/\/schule-sad.de\/wp-content\/uploads\/2016\/11\/Streitschlichter.pdf\" class=\"pdfemb-viewer\" style=\"height:900px;\" data-width=\"max\" data-height=\"900\" data-toolbar=\"top\" data-toolbar-fixed=\"on\">Streitschlichter<\/a>\n<p class=\"wp-block-pdfemb-pdf-embedder-viewer\"><\/p>\n","protected":false},"excerpt":{"rendered":"<p>Zukunftsschule Stufe II Jedes Jahr bewertet eine Jury die Arbeit an Schulen, die sich f\u00fcr die Nominierung zur Zukunftsschule bewerben. Die Jury setzt sich aus folgenden Mitgliedern zusammen:&#8211; Ein Vertreter des Sparkassen- und Giroverbandes SH&#8211; Der Kreisfachberater f\u00fcr Natur, Umwelt&#8230;<br \/><a class=\"read-more-button\" href=\"https:\/\/schule-sad.de\/?page_id=84\">Read more<\/a><\/p>\n","protected":false},"author":1,"featured_media":0,"parent":955,"menu_order":4,"comment_status":"closed","ping_status":"closed","template":"","meta":{"footnotes":""},"class_list":["post-84","page","type-page","status-publish","hentry"],"_links":{"self":[{"href":"https:\/\/schule-sad.de\/index.php?rest_route=\/wp\/v2\/pages\/84","targetHints":{"allow":["GET"]}}],"collection":[{"href":"https:\/\/schule-sad.de\/index.php?rest_route=\/wp\/v2\/pages"}],"about":[{"href":"https:\/\/schule-sad.de\/index.php?rest_route=\/wp\/v2\/types\/page"}],"author":[{"embeddable":true,"href":"https:\/\/schule-sad.de\/index.php?rest_route=\/wp\/v2\/users\/1"}],"replies":[{"embeddable":true,"href":"https:\/\/schule-sad.de\/index.php?rest_route=%2Fwp%2Fv2%2Fcomments&post=84"}],"version-history":[{"count":18,"href":"https:\/\/schule-sad.de\/index.php?rest_route=\/wp\/v2\/pages\/84\/revisions"}],"predecessor-version":[{"id":2251,"href":"https:\/\/schule-sad.de\/index.php?rest_route=\/wp\/v2\/pages\/84\/revisions\/2251"}],"up":[{"embeddable":true,"href":"https:\/\/schule-sad.de\/index.php?rest_route=\/wp\/v2\/pages\/955"}],"wp:attachment":[{"href":"https:\/\/schule-sad.de\/index.php?rest_route=%2Fwp%2Fv2%2Fmedia&parent=84"}],"curies":[{"name":"wp","href":"https:\/\/api.w.org\/{rel}","templated":true}]}}